{"id":99,"date":"2024-10-30T10:42:48","date_gmt":"2024-10-30T10:42:48","guid":{"rendered":"https:\/\/irjuk.hu\/?page_id=99"},"modified":"2024-10-30T17:41:14","modified_gmt":"2024-10-30T17:41:14","slug":"fitten","status":"publish","type":"page","link":"https:\/\/irjuk.hu\/index.php\/fitten\/","title":{"rendered":"Fitten"},"content":{"rendered":"\n<div class=\"wp-block-media-text is-stacked-on-mobile\"><figure class=\"wp-block-media-text__media\"><a href=\"https:\/\/irjuk.hu\/index.php\/2024\/10\/30\/a-szinkronuszas-mindentudoja\/synchronized-swimming-3639551_1920\/\"><img loading=\"lazy\" decoding=\"async\" width=\"1024\" height=\"683\" src=\"https:\/\/irjuk.hu\/wp-content\/uploads\/2024\/10\/synchronized-swimming-3639551_1920-1024x683.jpg\" alt=\"\" class=\"wp-image-137 size-full\" srcset=\"https:\/\/irjuk.hu\/wp-content\/uploads\/2024\/10\/synchronized-swimming-3639551_1920-1024x683.jpg 1024w, https:\/\/irjuk.hu\/wp-content\/uploads\/2024\/10\/synchronized-swimming-3639551_1920-300x200.jpg 300w, https:\/\/irjuk.hu\/wp-content\/uploads\/2024\/10\/synchronized-swimming-3639551_1920-768x512.jpg 768w, https:\/\/irjuk.hu\/wp-content\/uploads\/2024\/10\/synchronized-swimming-3639551_1920-1536x1024.jpg 1536w, https:\/\/irjuk.hu\/wp-content\/uploads\/2024\/10\/synchronized-swimming-3639551_1920-600x400.jpg 600w, https:\/\/irjuk.hu\/wp-content\/uploads\/2024\/10\/synchronized-swimming-3639551_1920.jpg 1920w\" sizes=\"auto, (max-width: 1024px) 100vw, 1024px\" \/><\/a><\/figure><div class=\"wp-block-media-text__content\">\n<p><\/p>\n<\/div><\/div>\n\n\n\n<p><\/p>\n\n\n\n<div class=\"wp-block-media-text is-stacked-on-mobile\"><figure class=\"wp-block-media-text__media\"><img loading=\"lazy\" decoding=\"async\" width=\"1024\" height=\"638\" src=\"https:\/\/irjuk.hu\/wp-content\/uploads\/2024\/10\/ai-generated-8613128_1280-1-1024x638.jpg\" alt=\"\" class=\"wp-image-146 size-full\" srcset=\"https:\/\/irjuk.hu\/wp-content\/uploads\/2024\/10\/ai-generated-8613128_1280-1-1024x638.jpg 1024w, https:\/\/irjuk.hu\/wp-content\/uploads\/2024\/10\/ai-generated-8613128_1280-1-300x187.jpg 300w, https:\/\/irjuk.hu\/wp-content\/uploads\/2024\/10\/ai-generated-8613128_1280-1-768x478.jpg 768w, https:\/\/irjuk.hu\/wp-content\/uploads\/2024\/10\/ai-generated-8613128_1280-1-400x250.jpg 400w, https:\/\/irjuk.hu\/wp-content\/uploads\/2024\/10\/ai-generated-8613128_1280-1.jpg 1280w\" sizes=\"auto, (max-width: 1024px) 100vw, 1024px\" \/><\/figure><div class=\"wp-block-media-text__content\">\n<p><\/p>\n<\/div><\/div>\n","protected":false},"excerpt":{"rendered":"","protected":false},"author":1,"featured_media":0,"parent":0,"menu_order":0,"comment_status":"closed","ping_status":"closed","template":"","meta":{"footnotes":""},"class_list":["post-99","page","type-page","status-publish","hentry"],"yoast_head":"<!-- This site is optimized with the Yoast SEO plugin v23.7 - https:\/\/yoast.com\/wordpress\/plugins\/seo\/ -->\n<title>Fitten - \u00cdrjuk<\/title>\n<meta name=\"robots\" content=\"index, follow, max-snippet:-1, max-image-preview:large, max-video-preview:-1\" \/>\n<link rel=\"canonical\" href=\"https:\/\/irjuk.hu\/index.php\/fitten\/\" \/>\n<meta property=\"og:locale\" content=\"hu_HU\" \/>\n<meta property=\"og:type\" content=\"article\" \/>\n<meta property=\"og:title\" content=\"Fitten - \u00cdrjuk\" \/>\n<meta property=\"og:url\" content=\"https:\/\/irjuk.hu\/index.php\/fitten\/\" \/>\n<meta property=\"og:site_name\" content=\"\u00cdrjuk\" \/>\n<meta property=\"article:modified_time\" content=\"2024-10-30T17:41:14+00:00\" \/>\n<meta property=\"og:image\" content=\"https:\/\/irjuk.hu\/wp-content\/uploads\/2024\/10\/synchronized-swimming-3639551_1920-1024x683.jpg\" \/>\n<meta name=\"twitter:card\" content=\"summary_large_image\" \/>\n<meta name=\"twitter:label1\" content=\"Becs\u00fclt olvas\u00e1si id\u0151\" \/>\n\t<meta name=\"twitter:data1\" content=\"1 perc\" \/>\n<script type=\"application\/ld+json\" class=\"yoast-schema-graph\">{\"@context\":\"https:\/\/schema.org\",\"@graph\":[{\"@type\":\"WebPage\",\"@id\":\"https:\/\/irjuk.hu\/index.php\/fitten\/\",\"url\":\"https:\/\/irjuk.hu\/index.php\/fitten\/\",\"name\":\"Fitten - \u00cdrjuk\",\"isPartOf\":{\"@id\":\"https:\/\/irjuk.hu\/#website\"},\"primaryImageOfPage\":{\"@id\":\"https:\/\/irjuk.hu\/index.php\/fitten\/#primaryimage\"},\"image\":{\"@id\":\"https:\/\/irjuk.hu\/index.php\/fitten\/#primaryimage\"},\"thumbnailUrl\":\"https:\/\/irjuk.hu\/wp-content\/uploads\/2024\/10\/synchronized-swimming-3639551_1920-1024x683.jpg\",\"datePublished\":\"2024-10-30T10:42:48+00:00\",\"dateModified\":\"2024-10-30T17:41:14+00:00\",\"breadcrumb\":{\"@id\":\"https:\/\/irjuk.hu\/index.php\/fitten\/#breadcrumb\"},\"inLanguage\":\"hu\",\"potentialAction\":[{\"@type\":\"ReadAction\",\"target\":[\"https:\/\/irjuk.hu\/index.php\/fitten\/\"]}]},{\"@type\":\"ImageObject\",\"inLanguage\":\"hu\",\"@id\":\"https:\/\/irjuk.hu\/index.php\/fitten\/#primaryimage\",\"url\":\"https:\/\/irjuk.hu\/wp-content\/uploads\/2024\/10\/synchronized-swimming-3639551_1920.jpg\",\"contentUrl\":\"https:\/\/irjuk.hu\/wp-content\/uploads\/2024\/10\/synchronized-swimming-3639551_1920.jpg\",\"width\":1920,\"height\":1280},{\"@type\":\"BreadcrumbList\",\"@id\":\"https:\/\/irjuk.hu\/index.php\/fitten\/#breadcrumb\",\"itemListElement\":[{\"@type\":\"ListItem\",\"position\":1,\"name\":\"Kezd\u0151lap\",\"item\":\"https:\/\/irjuk.hu\/\"},{\"@type\":\"ListItem\",\"position\":2,\"name\":\"Fitten\"}]},{\"@type\":\"WebSite\",\"@id\":\"https:\/\/irjuk.hu\/#website\",\"url\":\"https:\/\/irjuk.hu\/\",\"name\":\"\u00cdrjuk\",\"description\":\"Az\u00e9rt \u00edrjuk, hogy elolvasd\",\"potentialAction\":[{\"@type\":\"SearchAction\",\"target\":{\"@type\":\"EntryPoint\",\"urlTemplate\":\"https:\/\/irjuk.hu\/?s={search_term_string}\"},\"query-input\":{\"@type\":\"PropertyValueSpecification\",\"valueRequired\":true,\"valueName\":\"search_term_string\"}}],\"inLanguage\":\"hu\"}]}<\/script>\n<!-- \/ Yoast SEO plugin. -->","yoast_head_json":{"title":"Fitten - \u00cdrjuk","robots":{"index":"index","follow":"follow","max-snippet":"max-snippet:-1","max-image-preview":"max-image-preview:large","max-video-preview":"max-video-preview:-1"},"canonical":"https:\/\/irjuk.hu\/index.php\/fitten\/","og_locale":"hu_HU","og_type":"article","og_title":"Fitten - \u00cdrjuk","og_url":"https:\/\/irjuk.hu\/index.php\/fitten\/","og_site_name":"\u00cdrjuk","article_modified_time":"2024-10-30T17:41:14+00:00","og_image":[{"url":"https:\/\/irjuk.hu\/wp-content\/uploads\/2024\/10\/synchronized-swimming-3639551_1920-1024x683.jpg"}],"twitter_card":"summary_large_image","twitter_misc":{"Becs\u00fclt olvas\u00e1si id\u0151":"1 perc"},"schema":{"@context":"https:\/\/schema.org","@graph":[{"@type":"WebPage","@id":"https:\/\/irjuk.hu\/index.php\/fitten\/","url":"https:\/\/irjuk.hu\/index.php\/fitten\/","name":"Fitten - \u00cdrjuk","isPartOf":{"@id":"https:\/\/irjuk.hu\/#website"},"primaryImageOfPage":{"@id":"https:\/\/irjuk.hu\/index.php\/fitten\/#primaryimage"},"image":{"@id":"https:\/\/irjuk.hu\/index.php\/fitten\/#primaryimage"},"thumbnailUrl":"https:\/\/irjuk.hu\/wp-content\/uploads\/2024\/10\/synchronized-swimming-3639551_1920-1024x683.jpg","datePublished":"2024-10-30T10:42:48+00:00","dateModified":"2024-10-30T17:41:14+00:00","breadcrumb":{"@id":"https:\/\/irjuk.hu\/index.php\/fitten\/#breadcrumb"},"inLanguage":"hu","potentialAction":[{"@type":"ReadAction","target":["https:\/\/irjuk.hu\/index.php\/fitten\/"]}]},{"@type":"ImageObject","inLanguage":"hu","@id":"https:\/\/irjuk.hu\/index.php\/fitten\/#primaryimage","url":"https:\/\/irjuk.hu\/wp-content\/uploads\/2024\/10\/synchronized-swimming-3639551_1920.jpg","contentUrl":"https:\/\/irjuk.hu\/wp-content\/uploads\/2024\/10\/synchronized-swimming-3639551_1920.jpg","width":1920,"height":1280},{"@type":"BreadcrumbList","@id":"https:\/\/irjuk.hu\/index.php\/fitten\/#breadcrumb","itemListElement":[{"@type":"ListItem","position":1,"name":"Kezd\u0151lap","item":"https:\/\/irjuk.hu\/"},{"@type":"ListItem","position":2,"name":"Fitten"}]},{"@type":"WebSite","@id":"https:\/\/irjuk.hu\/#website","url":"https:\/\/irjuk.hu\/","name":"\u00cdrjuk","description":"Az\u00e9rt \u00edrjuk, hogy elolvasd","potentialAction":[{"@type":"SearchAction","target":{"@type":"EntryPoint","urlTemplate":"https:\/\/irjuk.hu\/?s={search_term_string}"},"query-input":{"@type":"PropertyValueSpecification","valueRequired":true,"valueName":"search_term_string"}}],"inLanguage":"hu"}]}},"_links":{"self":[{"href":"https:\/\/irjuk.hu\/index.php\/wp-json\/wp\/v2\/pages\/99","targetHints":{"allow":["GET"]}}],"collection":[{"href":"https:\/\/irjuk.hu\/index.php\/wp-json\/wp\/v2\/pages"}],"about":[{"href":"https:\/\/irjuk.hu\/index.php\/wp-json\/wp\/v2\/types\/page"}],"author":[{"embeddable":true,"href":"https:\/\/irjuk.hu\/index.php\/wp-json\/wp\/v2\/users\/1"}],"replies":[{"embeddable":true,"href":"https:\/\/irjuk.hu\/index.php\/wp-json\/wp\/v2\/comments?post=99"}],"version-history":[{"count":4,"href":"https:\/\/irjuk.hu\/index.php\/wp-json\/wp\/v2\/pages\/99\/revisions"}],"predecessor-version":[{"id":149,"href":"https:\/\/irjuk.hu\/index.php\/wp-json\/wp\/v2\/pages\/99\/revisions\/149"}],"wp:attachment":[{"href":"https:\/\/irjuk.hu\/index.php\/wp-json\/wp\/v2\/media?parent=99"}],"curies":[{"name":"wp","href":"https:\/\/api.w.org\/{rel}","templated":true}]}}