{"id":96,"date":"2024-10-30T10:36:24","date_gmt":"2024-10-30T10:36:24","guid":{"rendered":"https:\/\/irjuk.hu\/?page_id=96"},"modified":"2024-10-30T10:36:25","modified_gmt":"2024-10-30T10:36:25","slug":"gurulas","status":"publish","type":"page","link":"https:\/\/irjuk.hu\/index.php\/gurulas\/","title":{"rendered":"Gurul\u00e1s"},"content":{"rendered":"\n<p>Egy ker\u00e9ken, k\u00e9t ker\u00e9ken, n\u00e9gy ker\u00e9ken, s\u00ednen, v\u00edzen, leveg\u0151ben<\/p>\n","protected":false},"excerpt":{"rendered":"<p>Egy ker\u00e9ken, k\u00e9t ker\u00e9ken, n\u00e9gy ker\u00e9ken, s\u00ednen, v\u00edzen, leveg\u0151ben<\/p>\n","protected":false},"author":1,"featured_media":0,"parent":0,"menu_order":0,"comment_status":"closed","ping_status":"closed","template":"","meta":{"footnotes":""},"class_list":["post-96","page","type-page","status-publish","hentry"],"yoast_head":"<!-- This site is optimized with the Yoast SEO plugin v23.7 - https:\/\/yoast.com\/wordpress\/plugins\/seo\/ -->\n<title>Gurul\u00e1s - \u00cdrjuk<\/title>\n<meta name=\"robots\" content=\"index, follow, max-snippet:-1, max-image-preview:large, max-video-preview:-1\" \/>\n<link rel=\"canonical\" href=\"https:\/\/irjuk.hu\/index.php\/gurulas\/\" \/>\n<meta property=\"og:locale\" content=\"hu_HU\" \/>\n<meta property=\"og:type\" content=\"article\" \/>\n<meta property=\"og:title\" content=\"Gurul\u00e1s - \u00cdrjuk\" \/>\n<meta property=\"og:description\" content=\"Egy ker\u00e9ken, k\u00e9t ker\u00e9ken, n\u00e9gy ker\u00e9ken, s\u00ednen, v\u00edzen, leveg\u0151ben\" \/>\n<meta property=\"og:url\" content=\"https:\/\/irjuk.hu\/index.php\/gurulas\/\" \/>\n<meta property=\"og:site_name\" content=\"\u00cdrjuk\" \/>\n<meta property=\"article:modified_time\" content=\"2024-10-30T10:36:25+00:00\" \/>\n<meta name=\"twitter:card\" content=\"summary_large_image\" \/>\n<meta name=\"twitter:label1\" content=\"Becs\u00fclt olvas\u00e1si id\u0151\" \/>\n\t<meta name=\"twitter:data1\" content=\"1 perc\" \/>\n<script type=\"application\/ld+json\" class=\"yoast-schema-graph\">{\"@context\":\"https:\/\/schema.org\",\"@graph\":[{\"@type\":\"WebPage\",\"@id\":\"https:\/\/irjuk.hu\/index.php\/gurulas\/\",\"url\":\"https:\/\/irjuk.hu\/index.php\/gurulas\/\",\"name\":\"Gurul\u00e1s - \u00cdrjuk\",\"isPartOf\":{\"@id\":\"https:\/\/irjuk.hu\/#website\"},\"datePublished\":\"2024-10-30T10:36:24+00:00\",\"dateModified\":\"2024-10-30T10:36:25+00:00\",\"breadcrumb\":{\"@id\":\"https:\/\/irjuk.hu\/index.php\/gurulas\/#breadcrumb\"},\"inLanguage\":\"hu\",\"potentialAction\":[{\"@type\":\"ReadAction\",\"target\":[\"https:\/\/irjuk.hu\/index.php\/gurulas\/\"]}]},{\"@type\":\"BreadcrumbList\",\"@id\":\"https:\/\/irjuk.hu\/index.php\/gurulas\/#breadcrumb\",\"itemListElement\":[{\"@type\":\"ListItem\",\"position\":1,\"name\":\"Kezd\u0151lap\",\"item\":\"https:\/\/irjuk.hu\/\"},{\"@type\":\"ListItem\",\"position\":2,\"name\":\"Gurul\u00e1s\"}]},{\"@type\":\"WebSite\",\"@id\":\"https:\/\/irjuk.hu\/#website\",\"url\":\"https:\/\/irjuk.hu\/\",\"name\":\"\u00cdrjuk\",\"description\":\"Az\u00e9rt \u00edrjuk, hogy elolvasd\",\"potentialAction\":[{\"@type\":\"SearchAction\",\"target\":{\"@type\":\"EntryPoint\",\"urlTemplate\":\"https:\/\/irjuk.hu\/?s={search_term_string}\"},\"query-input\":{\"@type\":\"PropertyValueSpecification\",\"valueRequired\":true,\"valueName\":\"search_term_string\"}}],\"inLanguage\":\"hu\"}]}<\/script>\n<!-- \/ Yoast SEO plugin. -->","yoast_head_json":{"title":"Gurul\u00e1s - \u00cdrjuk","robots":{"index":"index","follow":"follow","max-snippet":"max-snippet:-1","max-image-preview":"max-image-preview:large","max-video-preview":"max-video-preview:-1"},"canonical":"https:\/\/irjuk.hu\/index.php\/gurulas\/","og_locale":"hu_HU","og_type":"article","og_title":"Gurul\u00e1s - \u00cdrjuk","og_description":"Egy ker\u00e9ken, k\u00e9t ker\u00e9ken, n\u00e9gy ker\u00e9ken, s\u00ednen, v\u00edzen, leveg\u0151ben","og_url":"https:\/\/irjuk.hu\/index.php\/gurulas\/","og_site_name":"\u00cdrjuk","article_modified_time":"2024-10-30T10:36:25+00:00","twitter_card":"summary_large_image","twitter_misc":{"Becs\u00fclt olvas\u00e1si id\u0151":"1 perc"},"schema":{"@context":"https:\/\/schema.org","@graph":[{"@type":"WebPage","@id":"https:\/\/irjuk.hu\/index.php\/gurulas\/","url":"https:\/\/irjuk.hu\/index.php\/gurulas\/","name":"Gurul\u00e1s - \u00cdrjuk","isPartOf":{"@id":"https:\/\/irjuk.hu\/#website"},"datePublished":"2024-10-30T10:36:24+00:00","dateModified":"2024-10-30T10:36:25+00:00","breadcrumb":{"@id":"https:\/\/irjuk.hu\/index.php\/gurulas\/#breadcrumb"},"inLanguage":"hu","potentialAction":[{"@type":"ReadAction","target":["https:\/\/irjuk.hu\/index.php\/gurulas\/"]}]},{"@type":"BreadcrumbList","@id":"https:\/\/irjuk.hu\/index.php\/gurulas\/#breadcrumb","itemListElement":[{"@type":"ListItem","position":1,"name":"Kezd\u0151lap","item":"https:\/\/irjuk.hu\/"},{"@type":"ListItem","position":2,"name":"Gurul\u00e1s"}]},{"@type":"WebSite","@id":"https:\/\/irjuk.hu\/#website","url":"https:\/\/irjuk.hu\/","name":"\u00cdrjuk","description":"Az\u00e9rt \u00edrjuk, hogy elolvasd","potentialAction":[{"@type":"SearchAction","target":{"@type":"EntryPoint","urlTemplate":"https:\/\/irjuk.hu\/?s={search_term_string}"},"query-input":{"@type":"PropertyValueSpecification","valueRequired":true,"valueName":"search_term_string"}}],"inLanguage":"hu"}]}},"_links":{"self":[{"href":"https:\/\/irjuk.hu\/index.php\/wp-json\/wp\/v2\/pages\/96","targetHints":{"allow":["GET"]}}],"collection":[{"href":"https:\/\/irjuk.hu\/index.php\/wp-json\/wp\/v2\/pages"}],"about":[{"href":"https:\/\/irjuk.hu\/index.php\/wp-json\/wp\/v2\/types\/page"}],"author":[{"embeddable":true,"href":"https:\/\/irjuk.hu\/index.php\/wp-json\/wp\/v2\/users\/1"}],"replies":[{"embeddable":true,"href":"https:\/\/irjuk.hu\/index.php\/wp-json\/wp\/v2\/comments?post=96"}],"version-history":[{"count":1,"href":"https:\/\/irjuk.hu\/index.php\/wp-json\/wp\/v2\/pages\/96\/revisions"}],"predecessor-version":[{"id":98,"href":"https:\/\/irjuk.hu\/index.php\/wp-json\/wp\/v2\/pages\/96\/revisions\/98"}],"wp:attachment":[{"href":"https:\/\/irjuk.hu\/index.php\/wp-json\/wp\/v2\/media?parent=96"}],"curies":[{"name":"wp","href":"https:\/\/api.w.org\/{rel}","templated":true}]}}