{"id":102,"date":"2024-10-30T10:43:08","date_gmt":"2024-10-30T10:43:08","guid":{"rendered":"https:\/\/irjuk.hu\/?page_id=102"},"modified":"2024-10-31T16:59:42","modified_gmt":"2024-10-31T16:59:42","slug":"kapcsolat","status":"publish","type":"page","link":"https:\/\/irjuk.hu\/index.php\/kapcsolat\/","title":{"rendered":"Kapcsolat"},"content":{"rendered":"\n<p class=\"has-text-align-center\">K\u00f6zponti Email: info@irjuk.hu<\/p>\n\n\n\n<div class=\"wp-block-media-text is-stacked-on-mobile\" style=\"grid-template-columns:15% auto\"><figure class=\"wp-block-media-text__media\"><img loading=\"lazy\" decoding=\"async\" width=\"547\" height=\"835\" src=\"https:\/\/irjuk.hu\/wp-content\/uploads\/2024\/10\/kep1.jpg\" alt=\"\" class=\"wp-image-179 size-thumbnail\" srcset=\"https:\/\/irjuk.hu\/wp-content\/uploads\/2024\/10\/kep1.jpg 547w, https:\/\/irjuk.hu\/wp-content\/uploads\/2024\/10\/kep1-197x300.jpg 197w\" sizes=\"auto, (max-width: 547px) 100vw, 547px\" \/><\/figure><div class=\"wp-block-media-text__content\">\n<p>Cserta Judit<\/p>\n\n\n\n<p>Email: cserta.judit@irjuk.hu<\/p>\n<\/div><\/div>\n\n\n\n<div class=\"wp-block-media-text is-stacked-on-mobile\" style=\"grid-template-columns:15% auto\"><figure class=\"wp-block-media-text__media\"><img loading=\"lazy\" decoding=\"async\" width=\"1024\" height=\"1024\" src=\"https:\/\/irjuk.hu\/wp-content\/uploads\/2024\/10\/emoji-4827058_1280-1-1024x1024.png\" alt=\"\" class=\"wp-image-120 size-full\" srcset=\"https:\/\/irjuk.hu\/wp-content\/uploads\/2024\/10\/emoji-4827058_1280-1-1024x1024.png 1024w, https:\/\/irjuk.hu\/wp-content\/uploads\/2024\/10\/emoji-4827058_1280-1-300x300.png 300w, https:\/\/irjuk.hu\/wp-content\/uploads\/2024\/10\/emoji-4827058_1280-1-150x150.png 150w, https:\/\/irjuk.hu\/wp-content\/uploads\/2024\/10\/emoji-4827058_1280-1-768x768.png 768w, https:\/\/irjuk.hu\/wp-content\/uploads\/2024\/10\/emoji-4827058_1280-1.png 1280w\" sizes=\"auto, (max-width: 1024px) 100vw, 1024px\" \/><\/figure><div class=\"wp-block-media-text__content\">\n<p>\u00c9n<\/p>\n\n\n\n<p>Email:<\/p>\n<\/div><\/div>\n\n\n\n<div class=\"wp-block-media-text is-stacked-on-mobile\" style=\"grid-template-columns:15% auto\"><figure class=\"wp-block-media-text__media\"><img loading=\"lazy\" decoding=\"async\" width=\"1024\" height=\"1024\" src=\"https:\/\/irjuk.hu\/wp-content\/uploads\/2024\/10\/emoji-4827058_1280-1-1024x1024.png\" alt=\"\" class=\"wp-image-120 size-full\" srcset=\"https:\/\/irjuk.hu\/wp-content\/uploads\/2024\/10\/emoji-4827058_1280-1-1024x1024.png 1024w, https:\/\/irjuk.hu\/wp-content\/uploads\/2024\/10\/emoji-4827058_1280-1-300x300.png 300w, https:\/\/irjuk.hu\/wp-content\/uploads\/2024\/10\/emoji-4827058_1280-1-150x150.png 150w, https:\/\/irjuk.hu\/wp-content\/uploads\/2024\/10\/emoji-4827058_1280-1-768x768.png 768w, https:\/\/irjuk.hu\/wp-content\/uploads\/2024\/10\/emoji-4827058_1280-1.png 1280w\" sizes=\"auto, (max-width: 1024px) 100vw, 1024px\" \/><\/figure><div class=\"wp-block-media-text__content\">\n<p>\u00c9n<\/p>\n\n\n\n<p>Email:<\/p>\n<\/div><\/div>\n\n\n\n<div class=\"wp-block-media-text is-stacked-on-mobile\" style=\"grid-template-columns:15% auto\"><figure class=\"wp-block-media-text__media\"><img loading=\"lazy\" decoding=\"async\" width=\"1024\" height=\"1024\" src=\"https:\/\/irjuk.hu\/wp-content\/uploads\/2024\/10\/emoji-4827058_1280-1-1024x1024.png\" alt=\"\" class=\"wp-image-120 size-full\" srcset=\"https:\/\/irjuk.hu\/wp-content\/uploads\/2024\/10\/emoji-4827058_1280-1-1024x1024.png 1024w, https:\/\/irjuk.hu\/wp-content\/uploads\/2024\/10\/emoji-4827058_1280-1-300x300.png 300w, https:\/\/irjuk.hu\/wp-content\/uploads\/2024\/10\/emoji-4827058_1280-1-150x150.png 150w, https:\/\/irjuk.hu\/wp-content\/uploads\/2024\/10\/emoji-4827058_1280-1-768x768.png 768w, https:\/\/irjuk.hu\/wp-content\/uploads\/2024\/10\/emoji-4827058_1280-1.png 1280w\" sizes=\"auto, (max-width: 1024px) 100vw, 1024px\" \/><\/figure><div class=\"wp-block-media-text__content\">\n<p>\u00c9n<\/p>\n\n\n\n<p>Email:<\/p>\n<\/div><\/div>\n","protected":false},"excerpt":{"rendered":"<p>K\u00f6zponti Email: info@irjuk.hu Cserta Judit Email: cserta.judit@irjuk.hu \u00c9n Email: \u00c9n Email: \u00c9n Email:<\/p>\n","protected":false},"author":1,"featured_media":0,"parent":0,"menu_order":0,"comment_status":"closed","ping_status":"closed","template":"","meta":{"footnotes":""},"class_list":["post-102","page","type-page","status-publish","hentry"],"yoast_head":"<!-- This site is optimized with the Yoast SEO plugin v23.7 - https:\/\/yoast.com\/wordpress\/plugins\/seo\/ -->\n<title>Kapcsolat - \u00cdrjuk<\/title>\n<meta name=\"robots\" content=\"index, follow, max-snippet:-1, max-image-preview:large, max-video-preview:-1\" \/>\n<link rel=\"canonical\" href=\"https:\/\/irjuk.hu\/index.php\/kapcsolat\/\" \/>\n<meta property=\"og:locale\" content=\"hu_HU\" \/>\n<meta property=\"og:type\" content=\"article\" \/>\n<meta property=\"og:title\" content=\"Kapcsolat - \u00cdrjuk\" \/>\n<meta property=\"og:description\" content=\"K\u00f6zponti Email: info@irjuk.hu Cserta Judit Email: cserta.judit@irjuk.hu \u00c9n Email: \u00c9n Email: \u00c9n Email:\" \/>\n<meta property=\"og:url\" content=\"https:\/\/irjuk.hu\/index.php\/kapcsolat\/\" \/>\n<meta property=\"og:site_name\" content=\"\u00cdrjuk\" \/>\n<meta property=\"article:modified_time\" content=\"2024-10-31T16:59:42+00:00\" \/>\n<meta property=\"og:image\" content=\"https:\/\/irjuk.hu\/wp-content\/uploads\/2024\/10\/kep1.jpg\" \/>\n\t<meta property=\"og:image:width\" content=\"547\" \/>\n\t<meta property=\"og:image:height\" content=\"835\" \/>\n\t<meta property=\"og:image:type\" content=\"image\/jpeg\" \/>\n<meta name=\"twitter:card\" content=\"summary_large_image\" \/>\n<meta name=\"twitter:label1\" content=\"Becs\u00fclt olvas\u00e1si id\u0151\" \/>\n\t<meta name=\"twitter:data1\" content=\"1 perc\" \/>\n<script type=\"application\/ld+json\" class=\"yoast-schema-graph\">{\"@context\":\"https:\/\/schema.org\",\"@graph\":[{\"@type\":\"WebPage\",\"@id\":\"https:\/\/irjuk.hu\/index.php\/kapcsolat\/\",\"url\":\"https:\/\/irjuk.hu\/index.php\/kapcsolat\/\",\"name\":\"Kapcsolat - \u00cdrjuk\",\"isPartOf\":{\"@id\":\"https:\/\/irjuk.hu\/#website\"},\"primaryImageOfPage\":{\"@id\":\"https:\/\/irjuk.hu\/index.php\/kapcsolat\/#primaryimage\"},\"image\":{\"@id\":\"https:\/\/irjuk.hu\/index.php\/kapcsolat\/#primaryimage\"},\"thumbnailUrl\":\"https:\/\/irjuk.hu\/wp-content\/uploads\/2024\/10\/kep1.jpg\",\"datePublished\":\"2024-10-30T10:43:08+00:00\",\"dateModified\":\"2024-10-31T16:59:42+00:00\",\"breadcrumb\":{\"@id\":\"https:\/\/irjuk.hu\/index.php\/kapcsolat\/#breadcrumb\"},\"inLanguage\":\"hu\",\"potentialAction\":[{\"@type\":\"ReadAction\",\"target\":[\"https:\/\/irjuk.hu\/index.php\/kapcsolat\/\"]}]},{\"@type\":\"ImageObject\",\"inLanguage\":\"hu\",\"@id\":\"https:\/\/irjuk.hu\/index.php\/kapcsolat\/#primaryimage\",\"url\":\"https:\/\/irjuk.hu\/wp-content\/uploads\/2024\/10\/kep1.jpg\",\"contentUrl\":\"https:\/\/irjuk.hu\/wp-content\/uploads\/2024\/10\/kep1.jpg\",\"width\":547,\"height\":835},{\"@type\":\"BreadcrumbList\",\"@id\":\"https:\/\/irjuk.hu\/index.php\/kapcsolat\/#breadcrumb\",\"itemListElement\":[{\"@type\":\"ListItem\",\"position\":1,\"name\":\"Kezd\u0151lap\",\"item\":\"https:\/\/irjuk.hu\/\"},{\"@type\":\"ListItem\",\"position\":2,\"name\":\"Kapcsolat\"}]},{\"@type\":\"WebSite\",\"@id\":\"https:\/\/irjuk.hu\/#website\",\"url\":\"https:\/\/irjuk.hu\/\",\"name\":\"\u00cdrjuk\",\"description\":\"Az\u00e9rt \u00edrjuk, hogy elolvasd\",\"potentialAction\":[{\"@type\":\"SearchAction\",\"target\":{\"@type\":\"EntryPoint\",\"urlTemplate\":\"https:\/\/irjuk.hu\/?s={search_term_string}\"},\"query-input\":{\"@type\":\"PropertyValueSpecification\",\"valueRequired\":true,\"valueName\":\"search_term_string\"}}],\"inLanguage\":\"hu\"}]}<\/script>\n<!-- \/ Yoast SEO plugin. -->","yoast_head_json":{"title":"Kapcsolat - \u00cdrjuk","robots":{"index":"index","follow":"follow","max-snippet":"max-snippet:-1","max-image-preview":"max-image-preview:large","max-video-preview":"max-video-preview:-1"},"canonical":"https:\/\/irjuk.hu\/index.php\/kapcsolat\/","og_locale":"hu_HU","og_type":"article","og_title":"Kapcsolat - \u00cdrjuk","og_description":"K\u00f6zponti Email: info@irjuk.hu Cserta Judit Email: cserta.judit@irjuk.hu \u00c9n Email: \u00c9n Email: \u00c9n Email:","og_url":"https:\/\/irjuk.hu\/index.php\/kapcsolat\/","og_site_name":"\u00cdrjuk","article_modified_time":"2024-10-31T16:59:42+00:00","og_image":[{"width":547,"height":835,"url":"https:\/\/irjuk.hu\/wp-content\/uploads\/2024\/10\/kep1.jpg","type":"image\/jpeg"}],"twitter_card":"summary_large_image","twitter_misc":{"Becs\u00fclt olvas\u00e1si id\u0151":"1 perc"},"schema":{"@context":"https:\/\/schema.org","@graph":[{"@type":"WebPage","@id":"https:\/\/irjuk.hu\/index.php\/kapcsolat\/","url":"https:\/\/irjuk.hu\/index.php\/kapcsolat\/","name":"Kapcsolat - \u00cdrjuk","isPartOf":{"@id":"https:\/\/irjuk.hu\/#website"},"primaryImageOfPage":{"@id":"https:\/\/irjuk.hu\/index.php\/kapcsolat\/#primaryimage"},"image":{"@id":"https:\/\/irjuk.hu\/index.php\/kapcsolat\/#primaryimage"},"thumbnailUrl":"https:\/\/irjuk.hu\/wp-content\/uploads\/2024\/10\/kep1.jpg","datePublished":"2024-10-30T10:43:08+00:00","dateModified":"2024-10-31T16:59:42+00:00","breadcrumb":{"@id":"https:\/\/irjuk.hu\/index.php\/kapcsolat\/#breadcrumb"},"inLanguage":"hu","potentialAction":[{"@type":"ReadAction","target":["https:\/\/irjuk.hu\/index.php\/kapcsolat\/"]}]},{"@type":"ImageObject","inLanguage":"hu","@id":"https:\/\/irjuk.hu\/index.php\/kapcsolat\/#primaryimage","url":"https:\/\/irjuk.hu\/wp-content\/uploads\/2024\/10\/kep1.jpg","contentUrl":"https:\/\/irjuk.hu\/wp-content\/uploads\/2024\/10\/kep1.jpg","width":547,"height":835},{"@type":"BreadcrumbList","@id":"https:\/\/irjuk.hu\/index.php\/kapcsolat\/#breadcrumb","itemListElement":[{"@type":"ListItem","position":1,"name":"Kezd\u0151lap","item":"https:\/\/irjuk.hu\/"},{"@type":"ListItem","position":2,"name":"Kapcsolat"}]},{"@type":"WebSite","@id":"https:\/\/irjuk.hu\/#website","url":"https:\/\/irjuk.hu\/","name":"\u00cdrjuk","description":"Az\u00e9rt \u00edrjuk, hogy elolvasd","potentialAction":[{"@type":"SearchAction","target":{"@type":"EntryPoint","urlTemplate":"https:\/\/irjuk.hu\/?s={search_term_string}"},"query-input":{"@type":"PropertyValueSpecification","valueRequired":true,"valueName":"search_term_string"}}],"inLanguage":"hu"}]}},"_links":{"self":[{"href":"https:\/\/irjuk.hu\/index.php\/wp-json\/wp\/v2\/pages\/102","targetHints":{"allow":["GET"]}}],"collection":[{"href":"https:\/\/irjuk.hu\/index.php\/wp-json\/wp\/v2\/pages"}],"about":[{"href":"https:\/\/irjuk.hu\/index.php\/wp-json\/wp\/v2\/types\/page"}],"author":[{"embeddable":true,"href":"https:\/\/irjuk.hu\/index.php\/wp-json\/wp\/v2\/users\/1"}],"replies":[{"embeddable":true,"href":"https:\/\/irjuk.hu\/index.php\/wp-json\/wp\/v2\/comments?post=102"}],"version-history":[{"count":4,"href":"https:\/\/irjuk.hu\/index.php\/wp-json\/wp\/v2\/pages\/102\/revisions"}],"predecessor-version":[{"id":181,"href":"https:\/\/irjuk.hu\/index.php\/wp-json\/wp\/v2\/pages\/102\/revisions\/181"}],"wp:attachment":[{"href":"https:\/\/irjuk.hu\/index.php\/wp-json\/wp\/v2\/media?parent=102"}],"curies":[{"name":"wp","href":"https:\/\/api.w.org\/{rel}","templated":true}]}}